{"id":3082,"date":"2018-05-09T07:16:51","date_gmt":"2018-05-09T07:16:51","guid":{"rendered":"https:\/\/listing.downtown-directory.com\/dwt-royal\/backup\/?page_id=3082"},"modified":"2021-12-01T15:06:03","modified_gmt":"2021-12-01T18:06:03","slug":"sobre-nos","status":"publish","type":"page","link":"https:\/\/canastraweb.com.br\/site\/sobre-nos\/","title":{"rendered":"Sobre N\u00f3s"},"content":{"rendered":"<p>[vc_row][vc_column]<section class=\"about-us  \">\r\n         <div class=\"container\">\r\n            <div class=\"row\">\r\n               <div class=\"col-md-12 col-sm-12 col-xs-12 nopadding\">\r\n\t\t\t \t  \r\n               \t \t<div class=\"col-md-7 col-sm-12 col-xs-12\">\r\n               \t \t\t<h2>Sobre o CanastraWeb<\/h2>\r\n\t\t\t\t\t\t<p class=\"large-paragraph\">Guia Completo da Serra da Canastra e Regi\u00e3o<\/p>\r\n               \t \t\t<p>Nossa proposta \u00e9 fornecer ao turistas e locais da regi\u00e3o toda a informa\u00e7\u00e3o necess\u00e1ria para o melhor lazer no que se refere a regi\u00e3o da Serra da Canastra.<br \/>\nEstamos em constru\u00e7\u00e3o e em breve, teremos novidades!<\/p>\r\n               \t \t\t<div class=\"row\">\r\n               \t \t\t\t<div class=\"services\"><div class=\"col-md-6 col-xs-12 col-sm-6\">\r\n                     <!-- services grid -->\r\n                     <div class=\"services-grid\">\r\n                        <div class=\"icons\"><img decoding=\"async\" src=\"https:\/\/canastraweb.com.br\/site\/wp-content\/uploads\/2018\/05\/responsive.png\" class=\"img-responsive\" alt=\"Image Not Found\"><\/div>\r\n                        <h4>Totalmente Responsivo<\/h4>\r\n                       <p>Nosso portal \u00e9 totalmente responsivo, oque impacta na usabilidade de hoje em dia.<\/p>\r\n                     <\/div>\r\n                  <\/div><div class=\"col-md-6 col-xs-12 col-sm-6\">\r\n                     <!-- services grid -->\r\n                     <div class=\"services-grid\">\r\n                        <div class=\"icons\"><img decoding=\"async\" src=\"https:\/\/canastraweb.com.br\/site\/wp-content\/uploads\/2018\/05\/dart-board.png\" class=\"img-responsive\" alt=\"Image Not Found\"><\/div>\r\n                        <h4>Atualiza\u00e7\u00f5es di\u00e1rias<\/h4>\r\n                       <p>Atualizamos nosso portal diariamente para garantir sempre conte\u00fados atualizados!<\/p>\r\n                     <\/div>\r\n                  <\/div><\/div>\r\n               \t \t\t<\/div>\r\n               \t \t<\/div>\r\n               \t \t<div class=\"col-md-5 col-sm-12 col-xs-12\"><img decoding=\"async\" src=\"https:\/\/canastraweb.com.br\/site\/wp-content\/uploads\/2021\/08\/serra-2.jpg\" class=\"wow  center-block img-responsive\" alt=\"Image Not Found\"><\/div>\r\n               <\/div>\r\n            <\/div>\r\n         <\/div>\r\n      <\/section>[\/vc_column][\/vc_row][vc_row][vc_column]<div class=\"funfacts arch-funfacts\"  style=\"background: rgba(0, 0, 0, 0) url(https:\/\/canastraweb.com.br\/site\/wp-content\/uploads\/2020\/08\/resultados-capa.jpg) no-repeat scroll center center \/ cover; -webkit-background-size: cover; -moz-background-size: cover; -o-background-size: cover; background-size: cover;\">\r\n            <div class=\"container\">\r\n               <div class=\"row\">\r\n\t\t\t\t   <div class=\"col-md-12 col-sm-12 nopadding\">\r\n\t\t\t\t   \t\t<div class=\"conter-grid\"><div class=\"counter-seprator\">\r\n                       <div class=\"icon-container\"><img decoding=\"async\" src=\"https:\/\/canastraweb.com.br\/site\/wp-content\/uploads\/2018\/05\/happy.png\" class=\"img-responsive\" alt=\"Image Not Found\"><\/div>\r\n                        <div class=\"counter-box\">\r\n                           <h5 class=\"counter-stats\">5300<\/h5>\r\n                           <h3 class=\"count-title\">Clientes Felizes<\/h3>\r\n                        <\/div>\r\n                     <\/div><div class=\"counter-seprator\">\r\n                       <div class=\"icon-container\"><img decoding=\"async\" src=\"https:\/\/canastraweb.com.br\/site\/wp-content\/uploads\/2018\/05\/responsive.png\" class=\"img-responsive\" alt=\"Image Not Found\"><\/div>\r\n                        <div class=\"counter-box\">\r\n                           <h5 class=\"counter-stats\">6500<\/h5>\r\n                           <h3 class=\"count-title\">Empresas<\/h3>\r\n                        <\/div>\r\n                     <\/div><div class=\"counter-seprator\">\r\n                       <div class=\"icon-container\"><img decoding=\"async\" src=\"https:\/\/canastraweb.com.br\/site\/wp-content\/uploads\/2018\/05\/dart-board.png\" class=\"img-responsive\" alt=\"Image Not Found\"><\/div>\r\n                        <div class=\"counter-box\">\r\n                           <h5 class=\"counter-stats\">18390<\/h5>\r\n                           <h3 class=\"count-title\">Negocia\u00e7\u00f5es<\/h3>\r\n                        <\/div>\r\n                     <\/div><div class=\"counter-seprator\">\r\n                       <div class=\"icon-container\"><img decoding=\"async\" src=\"https:\/\/canastraweb.com.br\/site\/wp-content\/uploads\/2018\/05\/schedule.png\" class=\"img-responsive\" alt=\"Image Not Found\"><\/div>\r\n                        <div class=\"counter-box\">\r\n                           <h5 class=\"counter-stats\">9800<\/h5>\r\n                           <h3 class=\"count-title\">Eventos<\/h3>\r\n                        <\/div>\r\n                     <\/div><\/div>\r\n\t\t\t\t   <\/div>\r\n\t\t\t   <\/div>\r\n            <\/div>\r\n         <\/div> [\/vc_column][\/vc_row][vc_row][vc_column]<section class=\"pricing-table  \" >\r\n\t\t\t\t<div class=\"container\">\r\n\t\t\t\t\t<div class=\"row\">\r\n\t\t\t\t\t\t<div class=\"col-md-12 col-sm-12 col-xs-12\">\r\n\t\t\t\t\t\t\t<div class=\"heading-2\">\r\n\t\t\t\t\t\t\t<h3>Entre em contato!<\/h3>\r\n\t\t\t\t\t\t\t<h2>Entre em contato e cadastre seu estabelecimento!<\/h2>\r\n\t\t\t\t\t\t <\/div>\r\n\t\t\t\t\t   <\/div>\r\n\t\t\t\t\t\t\t<div class=\"col-md-12 col-sm-12 col-xs-12\">\r\n\t\t\t\t\t\t\t\t<div class=\"pricing pricing-palden\">\r\n\t\t\t\t\t\t\t\t\t\r\n\t\t\t\t\t\t\t\t<\/div>\t\r\n\t\t\t\t\t\t\t<\/div>\r\n\t\t\t\t\t\t<\/div>\r\n\t\t\t\t\t<\/div>\r\n\t\t\t<\/section>[\/vc_column][\/vc_row][vc_row][vc_column]<section class=\"subscribe-section\">\r\n\t\t\t<div class=\"container\">\r\n\t\t\t<div class=\"row\">\r\n\t\t\t  <div class=\"col-md-12 col-xs-12 col-sm-12 nopadding\">\r\n\t\t\t\t<div class=\"col-md-1 col-sm-1 col-xs-12\">\r\n\t\t\t\t  <div class=\"announcement-img\"> <img decoding=\"async\" src=\"https:\/\/canastraweb.com.br\/site\/wp-content\/themes\/dwt-listing\/assets\/images\/bullhorn.png\" class=\"img-responsive\" alt=\"not found\"> <\/div>\r\n\t\t\t\t<\/div>\r\n\t\t\t\t<div class=\"col-md-5 col-sm-5 col-xs-12\">\r\n\t\t\t\t  <div class=\"heading-2\">\r\n\t\t\t\t\t<h3>Inscreva-se em nossa Newsletter<\/h3>\r\n\t\t\t\t  <\/div>\r\n\t\t\t\t<\/div>\r\n\t\t\t\t<div class=\"col-md-6 col-sm-6 col-xs-12\">\r\n\t\t\t\t  <div class=\"subscription-form\">\r\n\t\t\t\t\t<form id=\"dwt_listing_news_latter\" data-disable=\"false\" method=\"post\">\r\n\t\t\t\t\t  <div class=\"form-group\">\r\n\t\t\t\t\t\t<input name=\"news_email\" id=\"news_email\" class=\"form-control\" type=\"email\" required>\r\n\t\t\t\t\t  <\/div>\r\n\t\t\t\t\t  <div class=\"with-errors\"><\/div>\r\n\t\t\t\t\t  <div class=\"form-group submit-btn\">\r\n\t\t\t\t\t\t<button class=\"form-control sonu-button btn-theme\" type=\"submit\" data-loading-text=\"<i class='fa fa-spinner fa-spin'><\/i> Processando...\">Inscrever<\/button>\r\n\t\t\t\t\t  <\/div>\r\n\t\t\t\t\t<\/form>\r\n\t\t\t\t  <\/div>\r\n\t\t\t\t<\/div>\r\n\t\t\t  <\/div>\r\n\t\t\t<\/div>\r\n\t\t  <\/div>\r\n\t\t<\/section>[\/vc_column][\/vc_row]<\/p>\n","protected":false},"excerpt":{"rendered":"<p>[vc_row][vc_column][\/vc_column][\/vc_row][vc_row][vc_column][\/vc_column][\/vc_row][vc_row][vc_column][\/vc_column][\/vc_row][vc_row][vc_column][\/vc_column][\/vc_row]<\/p>\n","protected":false},"author":1,"featured_media":0,"parent":0,"menu_order":0,"comment_status":"closed","ping_status":"closed","template":"","meta":{"footnotes":""},"class_list":["post-3082","page","type-page","status-publish","hentry"],"_links":{"self":[{"href":"https:\/\/canastraweb.com.br\/site\/wp-json\/wp\/v2\/pages\/3082","targetHints":{"allow":["GET"]}}],"collection":[{"href":"https:\/\/canastraweb.com.br\/site\/wp-json\/wp\/v2\/pages"}],"about":[{"href":"https:\/\/canastraweb.com.br\/site\/wp-json\/wp\/v2\/types\/page"}],"author":[{"embeddable":true,"href":"https:\/\/canastraweb.com.br\/site\/wp-json\/wp\/v2\/users\/1"}],"replies":[{"embeddable":true,"href":"https:\/\/canastraweb.com.br\/site\/wp-json\/wp\/v2\/comments?post=3082"}],"version-history":[{"count":12,"href":"https:\/\/canastraweb.com.br\/site\/wp-json\/wp\/v2\/pages\/3082\/revisions"}],"predecessor-version":[{"id":5155,"href":"https:\/\/canastraweb.com.br\/site\/wp-json\/wp\/v2\/pages\/3082\/revisions\/5155"}],"wp:attachment":[{"href":"https:\/\/canastraweb.com.br\/site\/wp-json\/wp\/v2\/media?parent=3082"}],"curies":[{"name":"wp","href":"https:\/\/api.w.org\/{rel}","templated":true}]}}