{"id":2532,"date":"2018-02-19T12:08:32","date_gmt":"2018-02-19T12:08:32","guid":{"rendered":"https:\/\/listing.downtown-directory.com\/dwt-royal\/backup\/?page_id=2532"},"modified":"2023-09-08T16:35:16","modified_gmt":"2023-09-08T19:35:16","slug":"planos","status":"publish","type":"page","link":"https:\/\/canastraweb.com.br\/site\/planos\/","title":{"rendered":"Planos"},"content":{"rendered":"<p>[vc_row][vc_column]<section class=\"pricing-table  \" >\r\n\t\t\t\t<div class=\"container\">\r\n\t\t\t\t\t<div class=\"row\">\r\n\t\t\t\t\t\t<div class=\"col-md-12 col-sm-12 col-xs-12\">\r\n\t\t\t\t\t\t\t<div class=\"heading-2\">\r\n\t\t\t\t\t\t\t<h3>ESCOLHA SEU PLANO<\/h3>\r\n\t\t\t\t\t\t\t\r\n\t\t\t\t\t\t <\/div>\r\n\t\t\t\t\t   <\/div>\r\n\t\t\t\t\t\t\t<div class=\"col-md-12 col-sm-12 col-xs-12\">\r\n\t\t\t\t\t\t\t\t<div class=\"pricing pricing-palden\">\r\n\t\t\t\t\t\t\t\t\t<div class=\"pricing-item \">\r\n\t\t\t\t\t\t\t  <div class=\"pricing-deco\"  style=\"background: rgba(0, 0, 0, 0) url(https:\/\/canastraweb.com.br\/site\/wp-content\/uploads\/2023\/09\/gratis.jpeg) center bottom no-repeat; -webkit-background-size: cover; -moz-background-size: cover; -o-background-size: cover; background-size: cover;\">\r\n\t\t\t\t\t\t\t\t<svg class=\"pricing-deco-img\" enable-background=\"new 0 0 300 100\" height=\"100px\"  preserveAspectRatio=\"none\" version=\"1.1\" viewBox=\"0 0 300 100\" width=\"300px\" x=\"0px\" xml:space=\"preserve\" xmlns:xlink=\"http:\/\/www.w3.org\/1999\/xlink\" xmlns=\"http:\/\/www.w3.org\/2000\/svg\" y=\"0px\">\r\n\t\t\t\t\t\t\t\t  <path class=\"deco-layer deco-layer--1\" d=\"M30.913,43.944c0,0,42.911-34.464,87.51-14.191c77.31,35.14,113.304-1.952,146.638-4.729&#x000A;\tc48.654-4.056,69.94,16.218,69.94,16.218v54.396H30.913V43.944z\" fill=\"#FFFFFF\" opacity=\"0.6\"><\/path>\r\n\t\t\t\t\t\t\t\t  <path class=\"deco-layer deco-layer--2\" d=\"M-35.667,44.628c0,0,42.91-34.463,87.51-14.191c77.31,35.141,113.304-1.952,146.639-4.729&#x000A;\tc48.653-4.055,69.939,16.218,69.939,16.218v54.396H-35.667V44.628z\" fill=\"#FFFFFF\" opacity=\"0.6\"><\/path>\r\n\t\t\t\t\t\t\t\t  <path class=\"deco-layer deco-layer--3\" d=\"M43.415,98.342c0,0,48.283-68.927,109.133-68.927c65.886,0,97.983,67.914,97.983,67.914v3.716&#x000A;\tH42.401L43.415,98.342z\" fill=\"#FFFFFF\" opacity=\"0.7\"><\/path>\r\n\t\t\t\t\t\t\t\t  <path class=\"deco-layer deco-layer--4\" d=\"M-34.667,62.998c0,0,56-45.667,120.316-27.839C167.484,57.842,197,41.332,232.286,30.428&#x000A;\tc53.07-16.399,104.047,36.903,104.047,36.903l1.333,36.667l-372-2.954L-34.667,62.998z\" fill=\"#FFFFFF\"><\/path>\r\n\t\t\t\t\t\t\t\t<\/svg>\r\n\t\t\t\t\t\t\t\t<div class=\"pricing-price\"><span class=\"pricing-currency\">&#82;&#36;<\/span>0\r\n\t\t\t\t\t\t\t\t<\/div>\r\n\t\t\t\t\t\t\t\t<h3 class=\"pricing-title\">GR\u00c1TIS<\/h3>\r\n\t\t\t\t\t\t\t  <\/div>\r\n\t\t\t\t\t\t\t  <ul class=\"pricing-feature-list\">\r\n\t\t\t\t\t\t\t\t<li class=\"pricing-feature\"><i class=\"yes ti-check-box\"><\/i>Validade : 30 Dias<\/li><li class=\"pricing-feature\"><i class=\"yes ti-check-box\"><\/i>An\u00fancios Simples : 1<\/li><li class=\"pricing-feature\"><i class=\"yes ti-check-box\"><\/i>Expira\u00e7\u00e3o do An\u00fancio : 30 Dias<\/li><li class=\"pricing-feature\"><i class=\"no ti-close\"><\/i>V\u00eddeo No An\u00fancio : N\u00e3o<\/li><li class=\"pricing-feature\"><i class=\"yes ti-check-box\"><\/i>Link Para Site : Sim<\/li><li class=\"pricing-feature\"><i class=\"yes ti-check-box\"><\/i>Quant. De Imagens : 1<\/li><li class=\"pricing-feature\"><i class=\"no ti-close\"><\/i>Faixa De Pre\u00e7o : N\u00e3o<\/li><li class=\"pricing-feature\"><i class=\"no ti-close\"><\/i>Hor\u00e1rio De Funcionamento : N\u00e3o<\/li><li class=\"pricing-feature\"><i class=\"no ti-close\"><\/i>Permitir Palavras-Chaves : N\u00e3o<\/li><li class=\"pricing-feature\"><i class=\"no ti-close\"><\/i>Criar Cupom : N\u00e3o<\/li><li class=\"pricing-feature\"><i class=\"no ti-close\"><\/i>Criar Evento : N\u00e3o<\/li>\r\n\t\t\t\t\t\t\t  <\/ul>\r\n\t\t\t\t\t\t\t  \r\n\t\t\t\t\t\t\t <a href=\"javascript:void(0)\" class=\"pricing-action sonu-button-5813 sb_add_cart\" data-product-id=\"5813\" data-product-qty=\"1\"  data-package-type=\"free\" data-loading-text=\"<i class='fa fa-spinner fa-spin'><\/i> Processando...\">Escolha um Plano <\/a>\r\n\t\t\t\t\t\t\t<\/div><div class=\"pricing-item pricing__item--featured\">\r\n\t\t\t\t\t\t\t  <div class=\"pricing-deco\"  style=\"background: rgba(0, 0, 0, 0) url(https:\/\/canastraweb.com.br\/site\/wp-content\/uploads\/2023\/09\/basico.jpeg) center bottom no-repeat; -webkit-background-size: cover; -moz-background-size: cover; -o-background-size: cover; background-size: cover;\">\r\n\t\t\t\t\t\t\t\t<svg class=\"pricing-deco-img\" enable-background=\"new 0 0 300 100\" height=\"100px\"  preserveAspectRatio=\"none\" version=\"1.1\" viewBox=\"0 0 300 100\" width=\"300px\" x=\"0px\" xml:space=\"preserve\" xmlns:xlink=\"http:\/\/www.w3.org\/1999\/xlink\" xmlns=\"http:\/\/www.w3.org\/2000\/svg\" y=\"0px\">\r\n\t\t\t\t\t\t\t\t  <path class=\"deco-layer deco-layer--1\" d=\"M30.913,43.944c0,0,42.911-34.464,87.51-14.191c77.31,35.14,113.304-1.952,146.638-4.729&#x000A;\tc48.654-4.056,69.94,16.218,69.94,16.218v54.396H30.913V43.944z\" fill=\"#FFFFFF\" opacity=\"0.6\"><\/path>\r\n\t\t\t\t\t\t\t\t  <path class=\"deco-layer deco-layer--2\" d=\"M-35.667,44.628c0,0,42.91-34.463,87.51-14.191c77.31,35.141,113.304-1.952,146.639-4.729&#x000A;\tc48.653-4.055,69.939,16.218,69.939,16.218v54.396H-35.667V44.628z\" fill=\"#FFFFFF\" opacity=\"0.6\"><\/path>\r\n\t\t\t\t\t\t\t\t  <path class=\"deco-layer deco-layer--3\" d=\"M43.415,98.342c0,0,48.283-68.927,109.133-68.927c65.886,0,97.983,67.914,97.983,67.914v3.716&#x000A;\tH42.401L43.415,98.342z\" fill=\"#FFFFFF\" opacity=\"0.7\"><\/path>\r\n\t\t\t\t\t\t\t\t  <path class=\"deco-layer deco-layer--4\" d=\"M-34.667,62.998c0,0,56-45.667,120.316-27.839C167.484,57.842,197,41.332,232.286,30.428&#x000A;\tc53.07-16.399,104.047,36.903,104.047,36.903l1.333,36.667l-372-2.954L-34.667,62.998z\" fill=\"#FFFFFF\"><\/path>\r\n\t\t\t\t\t\t\t\t<\/svg>\r\n\t\t\t\t\t\t\t\t<div class=\"pricing-price\"><span class=\"pricing-currency\">&#82;&#36;<\/span>15.00\r\n\t\t\t\t\t\t\t\t<\/div>\r\n\t\t\t\t\t\t\t\t<h3 class=\"pricing-title\">B\u00e1sico<\/h3>\r\n\t\t\t\t\t\t\t  <\/div>\r\n\t\t\t\t\t\t\t  <ul class=\"pricing-feature-list\">\r\n\t\t\t\t\t\t\t\t<li class=\"pricing-feature\"><i class=\"yes ti-check-box\"><\/i>Validade : 30 Dias<\/li><li class=\"pricing-feature\"><i class=\"yes ti-check-box\"><\/i>An\u00fancios Simples : 1<\/li><li class=\"pricing-feature\"><i class=\"yes ti-check-box\"><\/i>Expira\u00e7\u00e3o do An\u00fancio : 30 Dias<\/li><li class=\"pricing-feature\"><i class=\"yes ti-check-box\"><\/i>An\u00fancios Em Destaque : 1<\/li><li class=\"pricing-feature\"><i class=\"yes ti-check-box\"><\/i>Dias Em Destaque : 7 Dias<\/li><li class=\"pricing-feature\"><i class=\"no ti-close\"><\/i>V\u00eddeo No An\u00fancio : N\u00e3o<\/li><li class=\"pricing-feature\"><i class=\"yes ti-check-box\"><\/i>Link Para Site : Sim<\/li><li class=\"pricing-feature\"><i class=\"yes ti-check-box\"><\/i>Quant. De Imagens : 3<\/li><li class=\"pricing-feature\"><i class=\"no ti-close\"><\/i>Faixa De Pre\u00e7o : N\u00e3o<\/li><li class=\"pricing-feature\"><i class=\"yes ti-check-box\"><\/i>Hor\u00e1rio De Funcionamento : Sim<\/li><li class=\"pricing-feature\"><i class=\"no ti-close\"><\/i>Permitir Palavras-Chaves : N\u00e3o<\/li><li class=\"pricing-feature\"><i class=\"yes ti-check-box\"><\/i>An\u00fancios No Topo : 1<\/li><li class=\"pricing-feature\"><i class=\"no ti-close\"><\/i>Criar Cupom : N\u00e3o<\/li><li class=\"pricing-feature\"><i class=\"no ti-close\"><\/i>Criar Evento : N\u00e3o<\/li>\r\n\t\t\t\t\t\t\t  <\/ul>\r\n\t\t\t\t\t\t\t  \r\n\t\t\t\t\t\t\t <a href=\"javascript:void(0)\" class=\"pricing-action sonu-button-5811 sb_add_cart\" data-product-id=\"5811\" data-product-qty=\"1\"  data-package-type=\"paid\" data-loading-text=\"<i class='fa fa-spinner fa-spin'><\/i> Processando...\">Escolha um Plano <\/a>\r\n\t\t\t\t\t\t\t<\/div><div class=\"pricing-item pricing__item--featured\">\r\n\t\t\t\t\t\t\t  <div class=\"pricing-deco\"  style=\"background: rgba(0, 0, 0, 0) url(https:\/\/canastraweb.com.br\/site\/wp-content\/uploads\/2023\/09\/avancado.jpg) center bottom no-repeat; -webkit-background-size: cover; -moz-background-size: cover; -o-background-size: cover; background-size: cover;\">\r\n\t\t\t\t\t\t\t\t<svg class=\"pricing-deco-img\" enable-background=\"new 0 0 300 100\" height=\"100px\"  preserveAspectRatio=\"none\" version=\"1.1\" viewBox=\"0 0 300 100\" width=\"300px\" x=\"0px\" xml:space=\"preserve\" xmlns:xlink=\"http:\/\/www.w3.org\/1999\/xlink\" xmlns=\"http:\/\/www.w3.org\/2000\/svg\" y=\"0px\">\r\n\t\t\t\t\t\t\t\t  <path class=\"deco-layer deco-layer--1\" d=\"M30.913,43.944c0,0,42.911-34.464,87.51-14.191c77.31,35.14,113.304-1.952,146.638-4.729&#x000A;\tc48.654-4.056,69.94,16.218,69.94,16.218v54.396H30.913V43.944z\" fill=\"#FFFFFF\" opacity=\"0.6\"><\/path>\r\n\t\t\t\t\t\t\t\t  <path class=\"deco-layer deco-layer--2\" d=\"M-35.667,44.628c0,0,42.91-34.463,87.51-14.191c77.31,35.141,113.304-1.952,146.639-4.729&#x000A;\tc48.653-4.055,69.939,16.218,69.939,16.218v54.396H-35.667V44.628z\" fill=\"#FFFFFF\" opacity=\"0.6\"><\/path>\r\n\t\t\t\t\t\t\t\t  <path class=\"deco-layer deco-layer--3\" d=\"M43.415,98.342c0,0,48.283-68.927,109.133-68.927c65.886,0,97.983,67.914,97.983,67.914v3.716&#x000A;\tH42.401L43.415,98.342z\" fill=\"#FFFFFF\" opacity=\"0.7\"><\/path>\r\n\t\t\t\t\t\t\t\t  <path class=\"deco-layer deco-layer--4\" d=\"M-34.667,62.998c0,0,56-45.667,120.316-27.839C167.484,57.842,197,41.332,232.286,30.428&#x000A;\tc53.07-16.399,104.047,36.903,104.047,36.903l1.333,36.667l-372-2.954L-34.667,62.998z\" fill=\"#FFFFFF\"><\/path>\r\n\t\t\t\t\t\t\t\t<\/svg>\r\n\t\t\t\t\t\t\t\t<div class=\"pricing-price\"><span class=\"pricing-currency\">&#82;&#36;<\/span>25.00\r\n\t\t\t\t\t\t\t\t<\/div>\r\n\t\t\t\t\t\t\t\t<h3 class=\"pricing-title\">Avan\u00e7ado<\/h3>\r\n\t\t\t\t\t\t\t  <\/div>\r\n\t\t\t\t\t\t\t  <ul class=\"pricing-feature-list\">\r\n\t\t\t\t\t\t\t\t<li class=\"pricing-feature\"><i class=\"yes ti-check-box\"><\/i>Validade : 30 Dias<\/li><li class=\"pricing-feature\"><i class=\"yes ti-check-box\"><\/i>An\u00fancios Simples : 5<\/li><li class=\"pricing-feature\"><i class=\"yes ti-check-box\"><\/i>Expira\u00e7\u00e3o do An\u00fancio : 30 Dias<\/li><li class=\"pricing-feature\"><i class=\"yes ti-check-box\"><\/i>An\u00fancios Em Destaque : 1<\/li><li class=\"pricing-feature\"><i class=\"yes ti-check-box\"><\/i>Dias Em Destaque : 7 Dias<\/li><li class=\"pricing-feature\"><i class=\"yes ti-check-box\"><\/i>V\u00eddeo No An\u00fancio : Sim<\/li><li class=\"pricing-feature\"><i class=\"yes ti-check-box\"><\/i>Link Para Site : Sim<\/li><li class=\"pricing-feature\"><i class=\"yes ti-check-box\"><\/i>Faixa De Pre\u00e7o : Sim<\/li><li class=\"pricing-feature\"><i class=\"yes ti-check-box\"><\/i>Hor\u00e1rio De Funcionamento : Sim<\/li><li class=\"pricing-feature\"><i class=\"yes ti-check-box\"><\/i>Permitir Palavras-Chaves : Sim<\/li><li class=\"pricing-feature\"><i class=\"yes ti-check-box\"><\/i>An\u00fancios No Topo : 3<\/li><li class=\"pricing-feature\"><i class=\"yes ti-check-box\"><\/i>Criar Cupom : Sim<\/li><li class=\"pricing-feature\"><i class=\"yes ti-check-box\"><\/i>Criar Evento : Sim<\/li>\r\n\t\t\t\t\t\t\t  <\/ul>\r\n\t\t\t\t\t\t\t  \r\n\t\t\t\t\t\t\t <a href=\"javascript:void(0)\" class=\"pricing-action sonu-button-5812 sb_add_cart\" data-product-id=\"5812\" data-product-qty=\"1\"  data-package-type=\"paid\" data-loading-text=\"<i class='fa fa-spinner fa-spin'><\/i> Processando...\">Escolha um Plano <\/a>\r\n\t\t\t\t\t\t\t<\/div>\r\n\t\t\t\t\t\t\t\t<\/div>\t\r\n\t\t\t\t\t\t\t<\/div>\r\n\t\t\t\t\t\t<\/div>\r\n\t\t\t\t\t<\/div>\r\n\t\t\t<\/section>[\/vc_column][\/vc_row]<\/p>\n","protected":false},"excerpt":{"rendered":"<p>[vc_row][vc_column][\/vc_column][\/vc_row]<\/p>\n","protected":false},"author":1,"featured_media":0,"parent":0,"menu_order":0,"comment_status":"closed","ping_status":"closed","template":"","meta":{"footnotes":""},"class_list":["post-2532","page","type-page","status-publish","hentry"],"_links":{"self":[{"href":"https:\/\/canastraweb.com.br\/site\/wp-json\/wp\/v2\/pages\/2532","targetHints":{"allow":["GET"]}}],"collection":[{"href":"https:\/\/canastraweb.com.br\/site\/wp-json\/wp\/v2\/pages"}],"about":[{"href":"https:\/\/canastraweb.com.br\/site\/wp-json\/wp\/v2\/types\/page"}],"author":[{"embeddable":true,"href":"https:\/\/canastraweb.com.br\/site\/wp-json\/wp\/v2\/users\/1"}],"replies":[{"embeddable":true,"href":"https:\/\/canastraweb.com.br\/site\/wp-json\/wp\/v2\/comments?post=2532"}],"version-history":[{"count":3,"href":"https:\/\/canastraweb.com.br\/site\/wp-json\/wp\/v2\/pages\/2532\/revisions"}],"predecessor-version":[{"id":5814,"href":"https:\/\/canastraweb.com.br\/site\/wp-json\/wp\/v2\/pages\/2532\/revisions\/5814"}],"wp:attachment":[{"href":"https:\/\/canastraweb.com.br\/site\/wp-json\/wp\/v2\/media?parent=2532"}],"curies":[{"name":"wp","href":"https:\/\/api.w.org\/{rel}","templated":true}]}}